{"id":19,"date":"2022-10-31T09:54:58","date_gmt":"2022-10-31T07:54:58","guid":{"rendered":"https:\/\/relaxtime.md\/?page_id=19"},"modified":"2022-11-03T16:24:41","modified_gmt":"2022-11-03T14:24:41","slug":"about","status":"publish","type":"page","link":"https:\/\/relaxtime.md\/ru\/about\/","title":{"rendered":"\u041e \u043d\u0430\u0441"},"content":{"rendered":"<div data-elementor-type=\"wp-page\" data-elementor-id=\"19\" class=\"elementor elementor-19\">\n\t\t\t\t\t\t<section class=\"elementor-section elementor-top-section elementor-element elementor-element-4d121a3 elementor-section-boxed elementor-section-height-default elementor-section-height-default wd-section-disabled\" data-id=\"4d121a3\" data-element_type=\"section\">\n\t\t\t\t\t\t<div class=\"elementor-container elementor-column-gap-default\">\n\t\t\t\t\t<div class=\"elementor-column elementor-col-33 elementor-top-column elementor-element elementor-element-1c88b73\" data-id=\"1c88b73\" data-element_type=\"column\">\n\t\t\t<div class=\"elementor-widget-wrap elementor-element-populated\">\n\t\t\t\t\t\t<div class=\"elementor-element elementor-element-08c1a7b elementor-widget elementor-widget-wd_title\" data-id=\"08c1a7b\" data-element_type=\"widget\" data-widget_type=\"wd_title.default\">\n\t\t\t\t<div class=\"elementor-widget-container\">\n\t\t\t\t\t\t\t<div class=\"title-wrapper set-mb-s reset-last-child wd-title-color-default wd-title-style-default wd-title-size-default text-left\">\n\n\t\t\t\n\t\t\t<div class=\"liner-continer\">\n\t\t\t\t<h4 class=\"woodmart-title-container title wd-fontsize-l\">Istoria m\u0103rcii<\/h4> \n\t\t\t\t\t\t\t<\/div>\n\n\t\t\t\t\t\t\t<div class=\"title-after_title set-cont-mb-s reset-last-child wd-fontsize-xs\">\n\t\t\t\t\t<p>\u041c\u044b \u0441\u043e\u0437\u0434\u0430\u043b\u0438 \u043d\u0430\u0448 \u0431\u0440\u0435\u043d\u0434 Relax Time \u0432 2010 \u0433\u043e\u0434\u0443, \u0441\u043e\u0432\u0435\u0440\u0448\u0435\u043d\u043d\u043e \u043d\u0435 \u043f\u0440\u0435\u0434\u043f\u043e\u043b\u0430\u0433\u0430\u044f \u0441\u043d\u0430\u0447\u0430\u043b\u0430, \u0447\u0442\u043e \u043e\u043d \u0441\u0442\u0430\u043d\u0435\u0442 \u043d\u0430\u0448\u0438\u043c \u043b\u044e\u0431\u0438\u043c\u044b\u043c \u0434\u0435\u0442\u0438\u0449\u0435\u043c.<br \/>\u0421\u0435\u0439\u0447\u0430\u0441 \u043d\u0430\u0448\u0435\u0439 \u0434\u043e\u0447\u0435\u0440\u0438 23 \u0433\u043e\u0434\u0430 \u0438 \u043e\u043d\u0430 \u0431\u0443\u0434\u0443\u0449\u0438\u0439 \u0432\u0440\u0430\u0447. \u0410 \u0442\u043e\u0433\u0434\u0430 \u043e\u043d\u0430 \u0431\u044b\u043b\u0430 \u043f\u0440\u043e\u0441\u0442\u043e \u043f\u043e\u0434\u0440\u043e\u0441\u0442\u043a\u043e\u043c, \u043a\u043e\u0442\u043e\u0440\u0430\u044f \u0445\u043e\u0442\u0435\u043b\u0430 \u0432\u043c\u0435\u0441\u0442\u0435 \u0441 \u043f\u043e\u0434\u0440\u0443\u0436\u043a\u0430\u043c\u0438 \u043f\u0440\u043e\u0432\u043e\u0434\u0438\u0442\u044c \u0432\u0440\u0435\u043c\u044f \u0443\u0434\u043e\u0431\u043d\u043e \u0438 \u043b\u0435\u0433\u043a\u043e, \u0432\u0441\u0442\u0440\u0435\u0447\u0430\u044f \u0438\u0445 \u0443 \u043d\u0430\u0441 \u0432 \u043a\u0432\u0430\u0440\u0442\u0438\u0440\u0435. \u041e\u043d\u0430 \u043e\u0447\u0435\u043d\u044c \u0445\u043e\u0442\u0435\u043b\u0430 \u0438\u043c\u0435\u0442\u044c \u0441\u0432\u043e\u044e \u043b\u0438\u0447\u043d\u0443\u044e \u043c\u0435\u0431\u0435\u043b\u044c, \u043a\u043e\u0442\u043e\u0440\u043e\u0439 \u043c\u043e\u0433\u043b\u0430 \u0431\u044b \u0440\u0430\u0441\u043f\u043e\u0440\u044f\u0436\u0430\u0442\u044c\u0441\u044f \u0441\u0430\u043c\u043e\u0441\u0442\u043e\u044f\u0442\u0435\u043b\u044c\u043d\u043e \u0438 \u043d\u0435 \u0437\u0430\u0432\u0438\u0441\u0435\u0442\u044c \u043e\u0442 \u043d\u0430\u0448\u0438\u0445 \u0441 \u043c\u0443\u0436\u0435\u043c \u0440\u0430\u0437\u0440\u0435\u0448\u0435\u043d\u0438\u0439) - \u0432\u044b\u043d\u0435\u0441\u0442\u0438 \u043d\u0430 \u0431\u0430\u043b\u043a\u043e\u043d, \u043f\u0435\u0440\u0435\u0441\u0442\u0430\u0432\u0438\u0442\u044c, \u0432\u044b\u043d\u0435\u0441\u0442\u0438 \u043d\u0430 \u0443\u043b\u0438\u0446\u0443. \u0422\u043e\u0433\u0434\u0430 \u0443 \u043d\u0430\u0441 \u0438 \u043f\u043e\u044f\u0432\u0438\u043b\u0430\u0441\u044c \u0438\u0434\u0435\u044f \u0442\u0430\u043a\u043e\u0439 \u043c\u0435\u0431\u0435\u043b\u0438, \u043a\u043e\u0442\u043e\u0440\u0430\u044f \u0431\u044b\u043b\u0430\n\u0431\u044b \u043e\u0447\u0435\u043d\u044c \u043c\u044f\u0433\u043a\u043e\u0439, \u043f\u043e\u0434\u0432\u0438\u0436\u043d\u043e\u0439 \u0438 \u0443\u0434\u043e\u0431\u043d\u043e\u0439 \u0434\u043b\u044f \u0432\u0441\u0435\u0445. \u0410 \u0435\u0449\u0435 \u043e\u0434\u043d\u0438\u043c\u0438 \u0438\u0437 \u0432\u0430\u0436\u043d\u044b\u0445 \u0442\u0440\u0435\u0431\u043e\u0432\u0430\u043d\u0438\u0439 \u0431\u044b\u043b\u0438 \u043a\u043e\u043c\u0444\u043e\u0440\u0442, \u043f\u043e\u0434\u0432\u0438\u0436\u043d\u043e\u0441\u0442\u044c \u0438 \u043b\u0435\u0433\u043a\u043e\u0435 \u0445\u0440\u0430\u043d\u0435\u043d\u0438\u0435 \u043c\u044f\u0433\u043a\u043e\u0439 \u043c\u0435\u0431\u0435\u043b\u0438.<\/p>\t\t\t\t<\/div>\n\t\t\t\t\t<\/div>\n\t\t\t\t\t\t<\/div>\n\t\t\t\t<\/div>\n\t\t\t\t\t<\/div>\n\t\t<\/div>\n\t\t\t\t<div class=\"elementor-column elementor-col-33 elementor-top-column elementor-element elementor-element-7bb6fa1\" data-id=\"7bb6fa1\" data-element_type=\"column\">\n\t\t\t<div class=\"elementor-widget-wrap elementor-element-populated\">\n\t\t\t\t\t\t<div class=\"elementor-element elementor-element-dd05c00 elementor-widget elementor-widget-wd_infobox\" data-id=\"dd05c00\" data-element_type=\"widget\" data-widget_type=\"wd_infobox.default\">\n\t\t\t\t<div class=\"elementor-widget-container\">\n\t\t\t\t\t\t\t<div class=\"info-box-wrapper\">\n\t\t\t<div class=\"wd-info-box text-center box-icon-align-top box-style-base color-scheme-dark box-title-small woodmart-info-box\" >\n\t\t\t\t\t\t\t\t\t<div class=\"box-icon-wrapper  box-with-icon box-icon-simple\">\n\t\t\t\t\t\t<div class=\"info-box-icon\">\n\t\t\t\t\t\t\t\t\t\t\t\t\t\t\t<img decoding=\"async\" width=\"150\" height=\"150\" src=\"https:\/\/relaxtime.md\/wp-content\/uploads\/2022\/10\/man-150x150.webp\" class=\"attachment-thumbnail size-thumbnail wp-image-737\" alt=\"\" srcset=\"https:\/\/relaxtime.md\/wp-content\/uploads\/2022\/10\/man-150x150.webp 150w, https:\/\/relaxtime.md\/wp-content\/uploads\/2022\/10\/man.webp 300w\" sizes=\"(max-width: 150px) 100vw, 150px\" \/>\t\t\t\t\t\t\t\t\t\t\t\t\t<\/div>\n\t\t\t\t\t<\/div>\n\t\t\t\t\n\t\t\t\t<div class=\"info-box-content\">\n\t\t\t\t\t\t\t\t\t\t\t<div class=\"info-box-subtitle subtitle-color-default subtitle-style-default wd-fontsize-xs\"\n\t\t\t\t\t\t\t  data-elementor-setting-key=\"subtitle\">\n\t\t\t\t\t\t\t\u041e\u0441\u043d\u043e\u0432\u0430\u0442\u0435\u043b\u044c \u0444\u0438\u0440\u043c\u044b, \u0434\u0438\u0440\u0435\u043a\u0442\u043e\u0440\t\t\t\t\t\t<\/div>\n\t\t\t\t\t\n\t\t\t\t\t\t\t\t\t\t\t<h4\t\t\t\t\t\tclass=\"info-box-title title box-title-style-default wd-fontsize-s\" data-elementor-setting-key=\"title\">\n\t\t\t\t\t\t\t\t\u0421\u0435\u0440\u0433\u0435\u0439 \u0414\u043e\u0433\u0430\u043d\u0438\u043a\t\t\t\t\t\t<\/h4>\n\t\t\t\t\t\n\t\t\t\t\t<div class=\"info-box-inner set-cont-mb-s reset-last-child\"\n\t\t\t\t\t\t data-elementor-setting-key=\"content\">\n\t\t\t\t\t\t\t\t\t\t\t<\/div>\n\t\n\t\t\t\t\t\t\t\t\t<\/div>\n\t\t\t<\/div>\n\t\t<\/div>\n\t\t\t\t\t\t<\/div>\n\t\t\t\t<\/div>\n\t\t\t\t\t<\/div>\n\t\t<\/div>\n\t\t\t\t<div class=\"elementor-column elementor-col-33 elementor-top-column elementor-element elementor-element-044eadc\" data-id=\"044eadc\" data-element_type=\"column\">\n\t\t\t<div class=\"elementor-widget-wrap elementor-element-populated\">\n\t\t\t\t\t\t<div class=\"elementor-element elementor-element-29d1a2a elementor-widget elementor-widget-wd_infobox\" data-id=\"29d1a2a\" data-element_type=\"widget\" data-widget_type=\"wd_infobox.default\">\n\t\t\t\t<div class=\"elementor-widget-container\">\n\t\t\t\t\t\t\t<div class=\"info-box-wrapper\">\n\t\t\t<div class=\"wd-info-box text-center box-icon-align-top box-style-base color-scheme-dark box-title-small woodmart-info-box\" >\n\t\t\t\t\t\t\t\t\t<div class=\"box-icon-wrapper  box-with-icon box-icon-simple\">\n\t\t\t\t\t\t<div class=\"info-box-icon\">\n\t\t\t\t\t\t\t\t\t\t\t\t\t\t\t<img decoding=\"async\" width=\"150\" height=\"150\" src=\"https:\/\/relaxtime.md\/wp-content\/uploads\/2022\/10\/woman-150x150.webp\" class=\"attachment-thumbnail size-thumbnail wp-image-738\" alt=\"\" srcset=\"https:\/\/relaxtime.md\/wp-content\/uploads\/2022\/10\/woman-150x150.webp 150w, https:\/\/relaxtime.md\/wp-content\/uploads\/2022\/10\/woman.webp 300w\" sizes=\"(max-width: 150px) 100vw, 150px\" \/>\t\t\t\t\t\t\t\t\t\t\t\t\t<\/div>\n\t\t\t\t\t<\/div>\n\t\t\t\t\n\t\t\t\t<div class=\"info-box-content\">\n\t\t\t\t\t\t\t\t\t\t\t<div class=\"info-box-subtitle subtitle-color-default subtitle-style-default wd-fontsize-xs\"\n\t\t\t\t\t\t\t  data-elementor-setting-key=\"subtitle\">\n\t\t\t\t\t\t\t\u0421\u043e\u043e\u0441\u043d\u043e\u0432\u0430\u0442\u0435\u043b\u044c \u0444\u0438\u0440\u043c\u044b, \u0442\u043e\u043f-\u043c\u0435\u043d\u0435\u0434\u0436\u0435\u0440\t\t\t\t\t\t<\/div>\n\t\t\t\t\t\n\t\t\t\t\t\t\t\t\t\t\t<h4\t\t\t\t\t\tclass=\"info-box-title title box-title-style-default wd-fontsize-s\" data-elementor-setting-key=\"title\">\n\t\t\t\t\t\t\t\t\u041b\u044e\u0434\u043c\u0438\u043b\u0430 \u0414\u043e\u0433\u0430\u043d\u0438\u043a\t\t\t\t\t\t<\/h4>\n\t\t\t\t\t\n\t\t\t\t\t<div class=\"info-box-inner set-cont-mb-s reset-last-child\"\n\t\t\t\t\t\t data-elementor-setting-key=\"content\">\n\t\t\t\t\t\t\t\t\t\t\t<\/div>\n\t\n\t\t\t\t\t\t\t\t\t<\/div>\n\t\t\t<\/div>\n\t\t<\/div>\n\t\t\t\t\t\t<\/div>\n\t\t\t\t<\/div>\n\t\t\t\t\t<\/div>\n\t\t<\/div>\n\t\t\t\t\t<\/div>\n\t\t<\/section>\n\t\t\t\t<section class=\"elementor-section elementor-top-section elementor-element elementor-element-7d47cd3 elementor-section-boxed elementor-section-height-default elementor-section-height-default wd-section-disabled\" data-id=\"7d47cd3\" data-element_type=\"section\">\n\t\t\t\t\t\t<div class=\"elementor-container elementor-column-gap-default\">\n\t\t\t\t\t<div class=\"elementor-column elementor-col-100 elementor-top-column elementor-element elementor-element-36c77e9\" data-id=\"36c77e9\" data-element_type=\"column\">\n\t\t\t<div class=\"elementor-widget-wrap elementor-element-populated\">\n\t\t\t\t\t\t<div class=\"elementor-element elementor-element-8e548ee elementor-widget elementor-widget-wd_text_block\" data-id=\"8e548ee\" data-element_type=\"widget\" data-widget_type=\"wd_text_block.default\">\n\t\t\t\t<div class=\"elementor-widget-container\">\n\t\t\t\t\t\t\t<div class=\"wd-text-block reset-last-child text-left\">\n\t\t\t\n\t\t\t<p>\u0418\u043c\u0435\u043d\u043d\u043e \u043f\u043e\u044d\u0442\u043e\u043c\u0443 \u043c\u044b \u0441\u043d\u0430\u0447\u0430\u043b\u0430 \u0440\u0430\u0437\u0440\u0430\u0431\u043e\u0442\u0430\u043b\u0438 \u043a\u0440\u0435\u0441\u043b\u0430-\u043c\u0435\u0448\u043a\u0438 \u0434\u043b\u044f \u043f\u043e\u0434\u0440\u043e\u0441\u0442\u043a\u043e\u0432 \u0438 \u043c\u0430\u043b\u0435\u043d\u044c\u043a\u0438\u0445 \u0434\u0435\u0442\u0435\u0439. \u0413\u043b\u0430\u0432\u043d\u043e\u0439 \u0438\u0434\u0435\u0435\u0439 \u0431\u044b\u043b\u043e \u0441\u043e\u0437\u0434\u0430\u0442\u044c \u043e\u0447\u0435\u043d\u044c \u0443\u0434\u043e\u0431\u043d\u0443\u044e, \u0441\u0442\u0438\u043b\u044c\u043d\u0443\u044e \u0438 \u0441\u043e\u0432\u0440\u0435\u043c\u0435\u043d\u043d\u0443\u044e \u043c\u044f\u0433\u043a\u0443\u044e \u043c\u0435\u0431\u0435\u043b\u044c, \u043a\u043e\u0442\u043e\u0440\u0430\u044f \u0431\u0443\u0434\u0435\u0442 \u0434\u043e\u0441\u0442\u0443\u043f\u043d\u0430 \u0434\u043b\u044f \u0432\u0441\u0435\u0445 \u0438 \u043a\u043e\u0442\u043e\u0440\u0443\u044e \u043c\u043e\u0436\u043d\u043e \u043b\u0435\u0433\u043a\u043e \u0432\u044b\u043d\u0435\u0441\u0442\u0438 \u043d\u0430 \u0443\u043b\u0438\u0446\u0443, \u043d\u0430 \u0442\u0440\u0430\u0432\u0443 \u0438\u043b\u0438 \u0438\u0441\u043f\u043e\u043b\u044c\u0437\u043e\u0432\u0430\u0442\u044c \u0434\u0430\u0436\u0435 \u043f\u043e\u0434 \u0434\u043e\u0436\u0434\u0435\u043c.<\/p><p>\u0418\u0437\u043d\u0430\u0447\u0430\u043b\u044c\u043d\u043e \u043c\u044b \u043f\u0440\u043e\u0438\u0437\u0432\u043e\u0434\u0438\u043b\u0438 \u0442\u043a\u0430\u043d\u0435\u0432\u044b\u0435 \u043a\u0440\u0435\u0441\u043b\u0430-\u043c\u0435\u0448\u043a\u0438, \u043d\u043e \u0441\u0440\u0430\u0437\u0443 \u043f\u0440\u0438\u0448\u043b\u0438 \u043a \u0432\u044b\u0432\u043e\u0434\u0443, \u0447\u0442\u043e \u0442\u043a\u0430\u043d\u044c \u0431\u044b\u0441\u0442\u0440\u043e \u043f\u0430\u0447\u043a\u0430\u0435\u0442\u0441\u044f, \u043f\u043b\u043e\u0445\u043e \u0447\u0438\u0441\u0442\u0438\u0442\u0441\u044f \u0438 \u0441\u043e\u0432\u0441\u0435\u043c \u043d\u0435 \u043f\u0440\u0430\u043a\u0442\u0438\u0447\u043d\u0430 \u043d\u0430 \u0431\u0430\u043b\u043a\u043e\u043d\u0435 \u0438\u043b\u0438 \u043d\u0430 \u0442\u0440\u0430\u0432\u0435, \u0430 \u043e\u0441\u043e\u0431\u0435\u043d\u043d\u043e, \u0435\u0441\u043b\u0438 \u043f\u043e\u0448\u0435\u043b \u0434\u043e\u0436\u0434\u044c.<\/p><p>\u0422\u043e\u0433\u0434\u0430 \u0440\u0435\u0448\u0438\u043b\u0438 \u0437\u0430\u043f\u0443\u0441\u0442\u0438\u0442\u044c \u043f\u043e\u0448\u0438\u0432 \u043a\u0440\u0435\u0441\u0435\u043b \u0438\u0437 \u044d\u043a\u043e\u043a\u043e\u0436\u0438 \u0438 \u0437\u0430\u043c\u0448\u0438 \u0432\u044b\u0441\u043e\u043a\u043e\u0433\u043e \u043a\u0430\u0447\u0435\u0441\u0442\u0432\u0430. \u0422\u0430\u043a\u0430\u044f \u043c\u0435\u0431\u0435\u043b\u044c \u0441\u0440\u0430\u0437\u0443 \u0441\u0442\u0430\u043b\u0430 \u043f\u043e\u043f\u0443\u043b\u044f\u0440\u043d\u043e\u0439, \u043f\u043e\u0442\u043e\u043c\u0443 \u0447\u0442\u043e \u0435\u0435 \u043b\u0435\u0433\u043a\u043e \u0447\u0438\u0441\u0442\u0438\u0442\u044c \u0438 \u0438\u0441\u043f\u043e\u043b\u044c\u0437\u043e\u0432\u0430\u0442\u044c \u043d\u0430 \u043e\u0442\u043a\u0440\u044b\u0442\u043e\u043c \u043f\u0440\u043e\u0441\u0442\u0440\u0430\u043d\u0441\u0442\u0432\u0435.<\/p><p>\u0421\u0435\u0439\u0447\u0430\u0441 \u043c\u044b \u043f\u0440\u043e\u0438\u0437\u0432\u043e\u0434\u0438\u043c \u043a\u0440\u0435\u0441\u043b\u0430-\u043c\u0435\u0448\u043a\u0438 \u0438\u0437 \u044d\u043a\u043e\u043b\u043e\u0433\u0438\u0447\u0435\u0441\u043a\u0438 \u0431\u0435\u0437\u043e\u043f\u0430\u0441\u043d\u044b\u0445 \u043c\u0430\u0442\u0435\u0440\u0438\u0430\u043b\u043e\u0432, \u043a\u043e\u0442\u043e\u0440\u044b\u0435 \u043d\u0435 \u0432\u044b\u0437\u044b\u0432\u0430\u044e\u0442 \u0430\u043b\u043b\u0435\u0440\u0433\u0438\u0438, \u043b\u0435\u0433\u043a\u043e \u0447\u0438\u0441\u0442\u044f\u0442\u0441\u044f, \u043f\u0435\u0440\u0435\u0434\u0432\u0438\u0433\u0430\u044e\u0442\u0441\u044f \u0438 \u043d\u0435 \u043f\u043e\u0440\u0442\u044f\u0442 \u043d\u0430\u043f\u043e\u043b\u044c\u043d\u043e\u0435 \u043f\u043e\u043a\u0440\u044b\u0442\u0438\u0435, \u0441 \u043d\u0438\u043c\u0438 \u043d\u0435 \u043f\u0440\u043e\u0438\u0441\u0445\u043e\u0434\u0438\u0442 \u0434\u0435\u0444\u043e\u0440\u043c\u0430\u0446\u0438\u0438, \u0448\u0432\u044b \u043d\u0435 \u0440\u0430\u0441\u043f\u043e\u043b\u0437\u0430\u044e\u0442\u0441\u044f \u043a\u0430\u043a \u044d\u0442\u043e \u0447\u0430\u0441\u0442\u043e \u0431\u044b\u0432\u0430\u0435\u0442 \u043d\u0430 \u0442\u043a\u0430\u043d\u0438, \u0438 \u043e\u043d\u0438 \u043e\u0447\u0435\u043d\u044c \u0443\u0434\u043e\u0431\u043d\u044b\u0435 \u0438 \u043f\u0440\u0438\u044f\u0442\u043d\u044b\u0435 \u043d\u0430 \u043e\u0449\u0443\u043f\u044c.<\/p><p>\u041f\u0435\u0440\u0432\u044b\u043c\u0438 \u043e\u0446\u0435\u043d\u0438\u043b\u0438 \u0434\u043e\u0441\u0442\u043e\u0438\u043d\u0441\u0442\u0432\u0430 \u0442\u0430\u043a\u043e\u0439 \u043c\u0435\u0431\u0435\u043b\u0438 \u043f\u043e\u0434\u0440\u0443\u0433\u0438 \u0434\u043e\u0447\u0435\u0440\u0438, \u0430 \u043f\u043e\u0442\u043e\u043c \u0438 \u0432\u0441\u0435 \u043d\u0430\u0448\u0438 \u0434\u0440\u0443\u0437\u044c\u044f, \u0447\u0435\u043c\u0443 \u043c\u044b \u043e\u0447\u0435\u043d\u044c \u0440\u0430\u0434\u044b \u0438 \u043e\u0447\u0435\u043d\u044c \u044d\u0442\u0438\u043c \u0433\u043e\u0440\u0434\u0438\u043c\u0441\u044f.<\/p>\n\t\t\t\t\t<\/div>\n\t\t\t\t\t\t<\/div>\n\t\t\t\t<\/div>\n\t\t\t\t\t<\/div>\n\t\t<\/div>\n\t\t\t\t\t<\/div>\n\t\t<\/section>\n\t\t\t\t<\/div>","protected":false},"excerpt":{"rendered":"<p>Istoria m\u0103rcii Am creat brandul nostru Relax Time \u00een 2010, f\u0103r\u0103 idea c\u0103 va deveni crea\u021bia noastr\u0103 preferat\u0103.Acum fiica noastr\u0103<\/p>","protected":false},"author":1,"featured_media":0,"parent":0,"menu_order":0,"comment_status":"closed","ping_status":"closed","template":"","meta":{"footnotes":""},"class_list":["post-19","page","type-page","status-publish","hentry"],"_links":{"self":[{"href":"https:\/\/relaxtime.md\/ru\/wp-json\/wp\/v2\/pages\/19","targetHints":{"allow":["GET"]}}],"collection":[{"href":"https:\/\/relaxtime.md\/ru\/wp-json\/wp\/v2\/pages"}],"about":[{"href":"https:\/\/relaxtime.md\/ru\/wp-json\/wp\/v2\/types\/page"}],"author":[{"embeddable":true,"href":"https:\/\/relaxtime.md\/ru\/wp-json\/wp\/v2\/users\/1"}],"replies":[{"embeddable":true,"href":"https:\/\/relaxtime.md\/ru\/wp-json\/wp\/v2\/comments?post=19"}],"version-history":[{"count":0,"href":"https:\/\/relaxtime.md\/ru\/wp-json\/wp\/v2\/pages\/19\/revisions"}],"wp:attachment":[{"href":"https:\/\/relaxtime.md\/ru\/wp-json\/wp\/v2\/media?parent=19"}],"curies":[{"name":"wp","href":"https:\/\/api.w.org\/{rel}","templated":true}]}}